{"id":169,"date":"2015-12-20T07:19:18","date_gmt":"2015-12-20T07:19:18","guid":{"rendered":"http:\/\/webredox.net\/demo\/wp\/dogma\/demo1\/?page_id=169"},"modified":"2022-09-30T10:00:28","modified_gmt":"2022-09-30T14:00:28","slug":"contact","status":"publish","type":"page","link":"https:\/\/romanybasualto.cl\/site\/contact\/","title":{"rendered":"Oficina"},"content":{"rendered":"<p style=\"text-align: left;\"><strong>Rom\u00e1n y Basualto Arquitectura y Construcci\u00f3n<\/strong> es una empresa formada por el Arquitecto Jorge Rom\u00e1n Alvarez y la Ingeniero Comercial Yasna Basualto Mur\u00faa, la que se desarrolla en el campo de la Arquitectura, Dise\u00f1o Interior y mobiliario de Viviendas de Alto Est\u00e1ndar. Nuestra actividad est\u00e1 orientada a la construcci\u00f3n de viviendas, dise\u00f1o de oficinas y tiendas comerciales.<\/p>\n<p>Rom\u00e1n y Basualto inicia sus actividades a principios del a\u00f1o 2002, fecha desde la cual hemos desarrollado proyectos con identidad, \u00fanicos, haciendo \u00e9nfasis en la calidad de los materiales y el detalle constructivo.<\/p>\n<p>El equipo de trabajo est\u00e1 compuesto por:<\/p>\n<p><strong>Jorge Rom\u00e1n Alvarez<\/strong>, Arquitecto, Universidad del Bio Bio.<\/p>\n<p><strong>Yasna Basualto Mur\u00faa<\/strong>, Ingeniero Comercial, Universidad de Concepci\u00f3n.<\/p>\n<p><strong>Mat\u00edas Rom\u00e1n Basualto<\/strong>, Arquitecto Universidad del Desarrollo.<\/p>\n<p><strong>Felipe Vicu\u00f1a Melo<\/strong>, Arquitecto Universidad Finis Terrae.<\/p>\n<p><strong>Jorge Rizo-Patr\u00f3n<\/strong>, Arquitecto Universidad\u00a0del Desarrollo.<\/p>\n<p><strong>Soledad Acevedo \u00c1lvarez<\/strong>, Jefe de Administraci\u00f3n.<\/p>\n","protected":false},"excerpt":{"rendered":"<p>Rom\u00e1n y Basualto Arquitectura y Construcci\u00f3n es una empresa formada por el Arquitecto Jorge Rom\u00e1n Alvarez y la Ingeniero Comercial Yasna Basualto Mur\u00faa, la que se desarrolla en el campo de la Arquitectura, Dise\u00f1o Interior y mobiliario de Viviendas de Alto Est\u00e1ndar. Nuestra actividad est\u00e1 orientada a la construcci\u00f3n de viviendas, dise\u00f1o de oficinas y [&hellip;]<\/p>\n","protected":false},"author":1,"featured_media":0,"parent":0,"menu_order":0,"comment_status":"closed","ping_status":"closed","template":"","meta":[],"_links":{"self":[{"href":"https:\/\/romanybasualto.cl\/site\/wp-json\/wp\/v2\/pages\/169"}],"collection":[{"href":"https:\/\/romanybasualto.cl\/site\/wp-json\/wp\/v2\/pages"}],"about":[{"href":"https:\/\/romanybasualto.cl\/site\/wp-json\/wp\/v2\/types\/page"}],"author":[{"embeddable":true,"href":"https:\/\/romanybasualto.cl\/site\/wp-json\/wp\/v2\/users\/1"}],"replies":[{"embeddable":true,"href":"https:\/\/romanybasualto.cl\/site\/wp-json\/wp\/v2\/comments?post=169"}],"version-history":[{"count":62,"href":"https:\/\/romanybasualto.cl\/site\/wp-json\/wp\/v2\/pages\/169\/revisions"}],"predecessor-version":[{"id":2476,"href":"https:\/\/romanybasualto.cl\/site\/wp-json\/wp\/v2\/pages\/169\/revisions\/2476"}],"wp:attachment":[{"href":"https:\/\/romanybasualto.cl\/site\/wp-json\/wp\/v2\/media?parent=169"}],"curies":[{"name":"wp","href":"https:\/\/api.w.org\/{rel}","templated":true}]}}